{"id":52,"date":"2025-02-08T14:35:56","date_gmt":"2025-02-08T13:35:56","guid":{"rendered":"http:\/\/les-treecoteurs.test\/?page_id=52"},"modified":"2025-03-04T19:21:42","modified_gmt":"2025-03-04T18:21:42","slug":"contacter-les-treecoteurs","status":"publish","type":"page","link":"https:\/\/lestreecoteurs.fr\/en\/contacter-les-treecoteurs\/","title":{"rendered":"Contact"},"content":{"rendered":"<div class=\"wp-block-group\"><div class=\"wp-block-group__inner-container is-layout-constrained wp-block-group-is-layout-constrained\">\n<p>Les <strong>TreeNets<\/strong>, ces <strong>filets suspendus sur mesure<\/strong>, restent encore peu r\u00e9pandus aujourd\u2019hui. Peu d\u2019entreprises proposent ce type de service dans le monde, la majorit\u00e9 \u00e9tant situ\u00e9e sur le continent am\u00e9ricain.       <\/p>\n\n\n\n<p>Gr\u00e2ce \u00e0 l\u2019engouement des r\u00e9seaux sociaux, ces installations originales attirent de plus en plus l\u2019attention et s\u00e9duisent un large public en qu\u00eate d\u2019exp\u00e9riences uniques en hauteur. <\/p>\n\n\n\n<p>Et vous, en rejoignant cette aventure, faites partie des premiers \u00e0 d\u00e9couvrir et installer un <strong>TreeNet en France<\/strong> ! Projets possibles partout en France et \u00e0 l\u2019international.<\/p>\n\n\n\n<p>Contactez-moi pour concr\u00e9tiser l&rsquo;installation de votre TreeNet !<br>Et si vous pr\u00e9f\u00e9rez, vous pouvez me contacter via la messagerie <a href=\"https:\/\/www.instagram.com\/lestreecoteurs\/\" data-type=\"link\" data-id=\"https:\/\/www.instagram.com\/lestreecoteurs\/\" target=\"_blank\" rel=\"noreferrer noopener\">Instagram<\/a> ou <a href=\"https:\/\/www.facebook.com\/profile.php?id=61571658235548&amp;locale=fr_FR\" data-type=\"link\" data-id=\"https:\/\/www.facebook.com\/profile.php?id=61571658235548&amp;locale=fr_FR\" target=\"_blank\" rel=\"noreferrer noopener\">Facebook.<\/a><\/p>\n\n\n\n<div class=\"wpcf7 no-js\" id=\"wpcf7-f162-o1\" lang=\"fr-FR\" dir=\"ltr\" data-wpcf7-id=\"162\">\n<div class=\"screen-reader-response\"><p role=\"status\" aria-live=\"polite\" aria-atomic=\"true\"><\/p> <ul><\/ul><\/div>\n<form action=\"\/en\/wp-json\/wp\/v2\/pages\/52#wpcf7-f162-o1\" method=\"post\" class=\"wpcf7-form init\" aria-label=\"Formulaire de contact\" novalidate=\"novalidate\" data-status=\"init\" data-trp-original-action=\"\/en\/wp-json\/wp\/v2\/pages\/52#wpcf7-f162-o1\">\n<div style=\"display: none;\">\n<input type=\"hidden\" name=\"_wpcf7\" value=\"162\" \/>\n<input type=\"hidden\" name=\"_wpcf7_version\" value=\"6.0.3\" \/>\n<input type=\"hidden\" name=\"_wpcf7_locale\" value=\"fr_FR\" \/>\n<input type=\"hidden\" name=\"_wpcf7_unit_tag\" value=\"wpcf7-f162-o1\" \/>\n<input type=\"hidden\" name=\"_wpcf7_container_post\" value=\"0\" \/>\n<input type=\"hidden\" name=\"_wpcf7_posted_data_hash\" value=\"\" \/>\n<\/div>\n<div class=\"\">\n\t<div class=\"\">\n\t\t<p><label> Votre nom<br \/>\n<span class=\"wpcf7-form-control-wrap\" data-name=\"your-name\"><input size=\"40\" maxlength=\"400\" class=\"wpcf7-form-control wpcf7-text wpcf7-validates-as-required\" autocomplete=\"name\" aria-required=\"true\" aria-invalid=\"false\" value=\"\" type=\"text\" name=\"your-name\" \/><\/span> <\/label>\n\t\t<\/p>\n\t\t<p><label> Votre e-mail<br \/>\n<span class=\"wpcf7-form-control-wrap\" data-name=\"your-email\"><input size=\"40\" maxlength=\"400\" class=\"wpcf7-form-control wpcf7-email wpcf7-validates-as-required wpcf7-text wpcf7-validates-as-email\" autocomplete=\"email\" aria-required=\"true\" aria-invalid=\"false\" value=\"\" type=\"email\" name=\"your-email\" \/><\/span> <\/label>\n\t\t<\/p>\n\t\t<p><label> Votre t\u00e9lephone<br \/>\n<span class=\"wpcf7-form-control-wrap\" data-name=\"tel-571\"><input size=\"40\" maxlength=\"400\" class=\"wpcf7-form-control wpcf7-tel wpcf7-validates-as-required wpcf7-text wpcf7-validates-as-tel\" aria-required=\"true\" aria-invalid=\"false\" value=\"\" type=\"tel\" name=\"tel-571\" \/><\/span> <\/label>\n\t\t<\/p>\n\t\t<p><label> Ville<br \/>\n<span class=\"wpcf7-form-control-wrap\" data-name=\"your-ville\"><input size=\"40\" maxlength=\"400\" class=\"wpcf7-form-control wpcf7-text wpcf7-validates-as-required\" aria-required=\"true\" aria-invalid=\"false\" value=\"\" type=\"text\" name=\"your-ville\" \/><\/span> <\/label>\n\t\t<\/p>\n\t\t<p><label> Taille du filet au m\u00e8tre carr\u00e9<br \/>\n<span class=\"wpcf7-form-control-wrap\" data-name=\"your-filet-mq\"><input size=\"40\" maxlength=\"400\" class=\"wpcf7-form-control wpcf7-text wpcf7-validates-as-required\" aria-required=\"true\" aria-invalid=\"false\" value=\"\" type=\"text\" name=\"your-filet-mq\" \/><\/span> <\/label>\n\t\t<\/p>\n\t\t<p><label> Objet<br \/>\n<span class=\"wpcf7-form-control-wrap\" data-name=\"your-subject\"><input size=\"40\" maxlength=\"400\" class=\"wpcf7-form-control wpcf7-text wpcf7-validates-as-required\" aria-required=\"true\" aria-invalid=\"false\" value=\"\" type=\"text\" name=\"your-subject\" \/><\/span> <\/label>\n\t\t<\/p>\n\t\t<p><label> Votre message<br \/>\n<span class=\"wpcf7-form-control-wrap\" data-name=\"your-message\"><textarea cols=\"40\" rows=\"10\" maxlength=\"2000\" class=\"wpcf7-form-control wpcf7-textarea\" aria-invalid=\"false\" name=\"your-message\"><\/textarea><\/span> <\/label>\n\t\t<\/p>\n\t<\/div>\n\t<div class=\"col-md-12 mx-auto\">\n\t\t<p><input class=\"wpcf7-form-control wpcf7-submit has-spinner\" type=\"submit\" value=\"Envoyer\" \/>\n\t\t<\/p>\n\t<\/div>\n<\/div><div class=\"wpcf7-response-output\" aria-hidden=\"true\"><\/div>\n<input type=\"hidden\" name=\"trp-form-language\" value=\"en\"\/><\/form>\n<\/div>\n\n<\/div><\/div>","protected":false},"excerpt":{"rendered":"<p>Les TreeNets, ces filets suspendus sur mesure, restent encore peu r\u00e9pandus aujourd\u2019hui. Peu d\u2019entreprises proposent ce type de service dans le monde, la majorit\u00e9 \u00e9tant situ\u00e9e sur le continent am\u00e9ricain. Gr\u00e2ce \u00e0 l\u2019engouement des r\u00e9seaux sociaux, ces installations originales attirent de plus en plus l\u2019attention et s\u00e9duisent un large public en qu\u00eate d\u2019exp\u00e9riences uniques en&hellip; <a class=\"more-link\" href=\"https:\/\/lestreecoteurs.fr\/en\/contacter-les-treecoteurs\/\">Continue reading <span class=\"screen-reader-text\">Contact<\/span><\/a><\/p>","protected":false},"author":1,"featured_media":639,"parent":0,"menu_order":0,"comment_status":"closed","ping_status":"closed","template":"","meta":{"_acf_changed":false,"footnotes":""},"class_list":["post-52","page","type-page","status-publish","has-post-thumbnail","hentry","entry"],"acf":[],"_links":{"self":[{"href":"https:\/\/lestreecoteurs.fr\/en\/wp-json\/wp\/v2\/pages\/52","targetHints":{"allow":["GET"]}}],"collection":[{"href":"https:\/\/lestreecoteurs.fr\/en\/wp-json\/wp\/v2\/pages"}],"about":[{"href":"https:\/\/lestreecoteurs.fr\/en\/wp-json\/wp\/v2\/types\/page"}],"author":[{"embeddable":true,"href":"https:\/\/lestreecoteurs.fr\/en\/wp-json\/wp\/v2\/users\/1"}],"replies":[{"embeddable":true,"href":"https:\/\/lestreecoteurs.fr\/en\/wp-json\/wp\/v2\/comments?post=52"}],"version-history":[{"count":15,"href":"https:\/\/lestreecoteurs.fr\/en\/wp-json\/wp\/v2\/pages\/52\/revisions"}],"predecessor-version":[{"id":675,"href":"https:\/\/lestreecoteurs.fr\/en\/wp-json\/wp\/v2\/pages\/52\/revisions\/675"}],"wp:featuredmedia":[{"embeddable":true,"href":"https:\/\/lestreecoteurs.fr\/en\/wp-json\/wp\/v2\/media\/639"}],"wp:attachment":[{"href":"https:\/\/lestreecoteurs.fr\/en\/wp-json\/wp\/v2\/media?parent=52"}],"curies":[{"name":"wp","href":"https:\/\/api.w.org\/{rel}","templated":true}]}}