{"id":2,"date":"2025-02-04T19:54:41","date_gmt":"2025-02-04T18:54:41","guid":{"rendered":"http:\/\/les-treecoteurs.test\/?page_id=2"},"modified":"2025-11-12T12:41:40","modified_gmt":"2025-11-12T11:41:40","slug":"page-d-exemple","status":"publish","type":"page","link":"https:\/\/lestreecoteurs.fr\/en\/","title":{"rendered":"Home"},"content":{"rendered":"<div class=\"desktop wp-swiper desktop desktop\"><div class=\"wp-swiper__wrapper\"><div class=\"swiper-container swiper\" data-swiper=\"{&quot;slidesPerView&quot;:&quot;1&quot;,&quot;navigation&quot;:true,&quot;pagination&quot;:{&quot;type&quot;:&quot;fraction&quot;},&quot;delay&quot;:3000,&quot;speed&quot;:500,&quot;loop&quot;:false,&quot;direction&quot;:&quot;horizontal&quot;,&quot;slidesOffsetBefore&quot;:0,&quot;slidesOffsetAfter&quot;:0,&quot;autoHeight&quot;:true,&quot;spaceBetween&quot;:0,&quot;releaseOnEdges&quot;:false,&quot;effect&quot;:&quot;slide&quot;}\"><div class=\"swiper-wrapper\">\n<div data-tab=\"slide-1\" class=\"wp-swiper__slide swiper-slide\" style=\"background-image:url(https:\/\/lestreecoteurs.fr\/wp-content\/uploads\/2025\/02\/Slider_1.webp);background-size:cover;background-position:0% 12%\"><div class=\"wp-swiper__overlay-color\" style=\"background-color:rgba(0, 0, 0, 0)\"><\/div><div class=\"wp-swiper__slide-content\">\n<h2 class=\"wp-block-heading has-text-align-left\">Les Treecoteurs : des filets sur mesure tiss\u00e9s \u00e0 la main.<\/h2>\n\n\n\n<p class=\"has-text-align-left\"><\/p>\n<\/div><\/div>\n\n\n\n<div data-tab=\"slide-2\" class=\"wp-swiper__slide swiper-slide\" style=\"background-image:url(https:\/\/lestreecoteurs.fr\/wp-content\/uploads\/2025\/02\/Slider_5.webp);background-size:cover;background-position:50% 50%\"><div class=\"wp-swiper__overlay-color\" style=\"background-color:rgba(0, 0, 0, 0)\"><\/div><div class=\"wp-swiper__slide-content\"><\/div><\/div>\n\n\n\n<div data-tab=\"slide-3\" class=\"wp-swiper__slide swiper-slide\" style=\"background-image:url(https:\/\/lestreecoteurs.fr\/wp-content\/uploads\/2025\/02\/Slider_6.webp);background-size:cover;background-position:50% 50%\"><div class=\"wp-swiper__overlay-color\" style=\"background-color:rgba(0, 0, 0, 0)\"><\/div><div class=\"wp-swiper__slide-content\"><\/div><\/div>\n\n\n\n<div data-tab=\"slide-4\" class=\"wp-swiper__slide swiper-slide\" style=\"background-image:url(https:\/\/lestreecoteurs.fr\/wp-content\/uploads\/2025\/02\/Slider_3.webp);background-size:cover;background-position:50% 50%\"><div class=\"wp-swiper__overlay-color\" style=\"background-color:rgba(0, 0, 0, 0)\"><\/div><div class=\"wp-swiper__slide-content\"><\/div><\/div>\n\n\n\n<div data-tab=\"slide-5\" class=\"wp-swiper__slide swiper-slide\" style=\"background-image:url(https:\/\/lestreecoteurs.fr\/wp-content\/uploads\/2025\/02\/Slider_2.webp);background-size:cover;background-position:50% 50%\"><div class=\"wp-swiper__overlay-color\" style=\"background-color:rgba(0, 0, 0, 0)\"><\/div><div class=\"wp-swiper__slide-content\"><\/div><\/div>\n<\/div><\/div><div class=\"wp_swiper__navigation\"><div class=\"wp_swiper__navigation-container\"><div class=\"swiper-button-prev\"><\/div><div class=\"swiper-button-next\"><\/div><\/div><\/div><\/div><\/div>\n\n\n\n<div class=\"tablet wp-swiper tablet tablet\"><div class=\"wp-swiper__wrapper\"><div class=\"swiper-container swiper\" data-swiper=\"{&quot;slidesPerView&quot;:&quot;1&quot;,&quot;navigation&quot;:true,&quot;pagination&quot;:{&quot;type&quot;:&quot;fraction&quot;},&quot;delay&quot;:3000,&quot;speed&quot;:500,&quot;loop&quot;:false,&quot;direction&quot;:&quot;horizontal&quot;,&quot;slidesOffsetBefore&quot;:0,&quot;slidesOffsetAfter&quot;:0,&quot;autoHeight&quot;:true,&quot;spaceBetween&quot;:0,&quot;releaseOnEdges&quot;:false,&quot;effect&quot;:&quot;slide&quot;}\"><div class=\"swiper-wrapper\">\n<div data-tab=\"slide-1\" class=\"wp-swiper__slide swiper-slide\" style=\"background-image:url(https:\/\/lestreecoteurs.fr\/wp-content\/uploads\/2025\/02\/Slider_1.webp);background-size:cover;background-position:53% 51%\"><div class=\"wp-swiper__overlay-color\" style=\"background-color:rgba(0, 0, 0, 0)\"><\/div><div class=\"wp-swiper__slide-content\">\n<h2 class=\"wp-block-heading has-text-align-left\"><br>Les Treecoteurs : des filets sur mesure tiss\u00e9s \u00e0 la main.<\/h2>\n<\/div><\/div>\n\n\n\n<div data-tab=\"slide-2\" class=\"wp-swiper__slide swiper-slide\" style=\"background-image:url(https:\/\/lestreecoteurs.fr\/wp-content\/uploads\/2025\/02\/Slider_5.webp);background-size:cover;background-position:50% 50%\"><div class=\"wp-swiper__overlay-color\" style=\"background-color:rgba(0, 0, 0, 0)\"><\/div><div class=\"wp-swiper__slide-content\"><\/div><\/div>\n\n\n\n<div data-tab=\"slide-3\" class=\"wp-swiper__slide swiper-slide\" style=\"background-image:url(https:\/\/lestreecoteurs.fr\/wp-content\/uploads\/2025\/02\/Slider_6.webp);background-size:cover;background-position:50% 50%\"><div class=\"wp-swiper__overlay-color\" style=\"background-color:rgba(0, 0, 0, 0)\"><\/div><div class=\"wp-swiper__slide-content\"><\/div><\/div>\n\n\n\n<div data-tab=\"slide-4\" class=\"wp-swiper__slide swiper-slide\" style=\"background-image:url(https:\/\/lestreecoteurs.fr\/wp-content\/uploads\/2025\/02\/Slider_3.webp);background-size:cover;background-position:50% 50%\"><div class=\"wp-swiper__overlay-color\" style=\"background-color:rgba(0, 0, 0, 0)\"><\/div><div class=\"wp-swiper__slide-content\"><\/div><\/div>\n\n\n\n<div data-tab=\"slide-5\" class=\"wp-swiper__slide swiper-slide\" style=\"background-image:url(https:\/\/lestreecoteurs.fr\/wp-content\/uploads\/2025\/02\/Slider_2.webp);background-size:cover;background-position:50% 50%\"><div class=\"wp-swiper__overlay-color\" style=\"background-color:rgba(0, 0, 0, 0)\"><\/div><div class=\"wp-swiper__slide-content\"><\/div><\/div>\n<\/div><\/div><div class=\"wp_swiper__navigation\"><div class=\"wp_swiper__navigation-container\"><div class=\"swiper-button-prev\"><\/div><div class=\"swiper-button-next\"><\/div><\/div><\/div><\/div><\/div>\n\n\n\n<div class=\"mobile wp-swiper mobile mobile\"><div class=\"wp-swiper__wrapper\"><div class=\"swiper-container swiper\" data-swiper=\"{&quot;slidesPerView&quot;:&quot;1&quot;,&quot;navigation&quot;:true,&quot;pagination&quot;:{&quot;type&quot;:&quot;fraction&quot;},&quot;delay&quot;:3000,&quot;speed&quot;:500,&quot;loop&quot;:false,&quot;direction&quot;:&quot;horizontal&quot;,&quot;slidesOffsetBefore&quot;:0,&quot;slidesOffsetAfter&quot;:0,&quot;autoHeight&quot;:true,&quot;spaceBetween&quot;:0,&quot;releaseOnEdges&quot;:false,&quot;effect&quot;:&quot;slide&quot;}\"><div class=\"swiper-wrapper\">\n<div data-tab=\"slide-1\" class=\"wp-swiper__slide swiper-slide\" style=\"background-image:url(https:\/\/lestreecoteurs.fr\/wp-content\/uploads\/2025\/02\/Slider_1.webp);background-size:cover;background-position:60% 36%\"><div class=\"wp-swiper__overlay-color\" style=\"background-color:rgba(0, 0, 0, 0)\"><\/div><div class=\"wp-swiper__slide-content\">\n<h2 class=\"wp-block-heading has-text-align-left\"><br>Les Treecoteurs : des filets sur mesure tiss\u00e9s \u00e0 la main.<\/h2>\n<\/div><\/div>\n\n\n\n<div data-tab=\"slide-2\" class=\"wp-swiper__slide swiper-slide\" style=\"background-image:url(https:\/\/lestreecoteurs.fr\/wp-content\/uploads\/2025\/02\/zdzd.webp);background-size:cover;background-position:44% 60%\"><div class=\"wp-swiper__overlay-color\" style=\"background-color:rgba(0, 0, 0, 0)\"><\/div><div class=\"wp-swiper__slide-content\"><\/div><\/div>\n\n\n\n<div data-tab=\"slide-3\" class=\"wp-swiper__slide swiper-slide\" style=\"background-image:url(https:\/\/lestreecoteurs.fr\/wp-content\/uploads\/2025\/03\/MAT08870-copie-scaled.webp);background-size:cover;background-position:50% 50%\"><div class=\"wp-swiper__overlay-color\" style=\"background-color:rgba(0, 0, 0, 0)\"><\/div><div class=\"wp-swiper__slide-content\"><\/div><\/div>\n\n\n\n<div data-tab=\"slide-4\" class=\"wp-swiper__slide swiper-slide\" style=\"background-image:url(https:\/\/lestreecoteurs.fr\/wp-content\/uploads\/2025\/02\/cabane.webp);background-size:cover;background-position:50% 50%\"><div class=\"wp-swiper__overlay-color\" style=\"background-color:rgba(0, 0, 0, 0)\"><\/div><div class=\"wp-swiper__slide-content\"><\/div><\/div>\n<\/div><\/div><div class=\"wp_swiper__navigation\"><div class=\"wp_swiper__navigation-container\"><div class=\"swiper-button-prev\"><\/div><div class=\"swiper-button-next\"><\/div><\/div><\/div><\/div><\/div>\n\n\n\n<div class=\"wp-block-group bg-green margin-bottom-zero\"><div class=\"wp-block-group__inner-container is-layout-constrained wp-block-group-is-layout-constrained\">\n<h2 class=\"wp-block-heading\"><br>Cr\u00e9ateurs de TreeNets : des filets suspendus sur mesure, v\u00e9ritables \u0153uvres d\u2019art m\u00ealant design architectural et immersion en nature, pour l\u2019int\u00e9rieur comme l\u2019ext\u00e9rieur.<\/h2>\n\n\n\n<div class=\"wp-block-columns bg-green is-layout-flex wp-container-core-columns-is-layout-9d6595d7 wp-block-columns-is-layout-flex\">\n<div class=\"wp-block-column is-layout-flow wp-block-column-is-layout-flow\">\n<figure class=\"wp-block-image size-large\"><img loading=\"lazy\" decoding=\"async\" width=\"1024\" height=\"768\" src=\"https:\/\/lestreecoteurs.fr\/wp-content\/uploads\/2025\/03\/YT-1024x768.jpg\" alt=\"\" class=\"wp-image-727\" srcset=\"https:\/\/lestreecoteurs.fr\/wp-content\/uploads\/2025\/03\/YT-1024x768.jpg 1024w, https:\/\/lestreecoteurs.fr\/wp-content\/uploads\/2025\/03\/YT-300x225.jpg 300w, https:\/\/lestreecoteurs.fr\/wp-content\/uploads\/2025\/03\/YT-768x576.jpg 768w, https:\/\/lestreecoteurs.fr\/wp-content\/uploads\/2025\/03\/YT-16x12.jpg 16w, https:\/\/lestreecoteurs.fr\/wp-content\/uploads\/2025\/03\/YT.jpg 1536w\" sizes=\"auto, (max-width: 1024px) 100vw, 1024px\" \/><\/figure>\n<\/div>\n\n\n\n<div class=\"wp-block-column is-layout-flow wp-block-column-is-layout-flow\">\n<h3 class=\"wp-block-heading\"><\/h3>\n\n\n\n<p>Le TreeNet, est une structure tiss\u00e9e \u00e0 la main, con\u00e7ue pour \u00eatre \u00e0 la fois durable, unique et adaptable.<\/p>\n\n\n\n<p>Il peut \u00eatre install\u00e9 pr\u00e8s du sol, offrant un espace pour se d\u00e9tendre, ou bien en hauteur dans la canop\u00e9e.<\/p>\n\n\n\n<p>Ce filet ne se limite pas aux arbres : il peut \u00eatre int\u00e9gr\u00e9 \u00e0 des structures artificielles telles qu\u2019une terrasse, une mezzanine ou un espace ouvert sur plusieurs niveaux, que ce soit en ext\u00e9rieur ou en int\u00e9rieur.<\/p>\n\n\n\n<p>Parfaits pour les Hotels,&nbsp;parcs d\u2019aventure,&nbsp;Airbnbs&nbsp;ou&nbsp;espaces haut de gamme.<\/p>\n\n\n\n<p>Installation possible d\u00e8s 1000 \u20ac.<\/p>\n\n\n\n<div class=\"wp-block-buttons is-content-justification-center is-layout-flex wp-container-core-buttons-is-layout-16018d1d wp-block-buttons-is-layout-flex\">\n<div class=\"wp-block-button has-custom-width wp-block-button__width-75\"><a class=\"wp-block-button__link has-text-align-center wp-element-button\" href=\"https:\/\/lestreecoteurs.fr\/en\/faq\/\">En savoir plus<\/a><\/div>\n<\/div>\n<\/div>\n<\/div>\n<\/div><\/div>\n\n\n\n<div class=\"wp-block-group bg-green-fonce margin-top-zero margin-bottom-zero\"><div class=\"wp-block-group__inner-container is-layout-constrained wp-block-group-is-layout-constrained\">\n<div class=\"wp-block-group padding-bottom-zero\"><div class=\"wp-block-group__inner-container is-layout-constrained wp-block-group-is-layout-constrained\">\n<h2 class=\"wp-block-heading has-text-align-center\">Mes Services<\/h2>\n\n\n\n<div class=\"wp-block-columns is-layout-flex wp-container-core-columns-is-layout-9d6595d7 wp-block-columns-is-layout-flex\">\n<div class=\"wp-block-column is-layout-flow wp-block-column-is-layout-flow\">\n<figure class=\"wp-block-image size-medium is-style-rounded\"><img loading=\"lazy\" decoding=\"async\" width=\"225\" height=\"300\" src=\"https:\/\/lestreecoteurs.fr\/wp-content\/uploads\/2025\/02\/zdzd-225x300.webp\" alt=\"\" class=\"wp-image-523\" style=\"aspect-ratio:2\/3;object-fit:cover\" srcset=\"https:\/\/lestreecoteurs.fr\/wp-content\/uploads\/2025\/02\/zdzd-225x300.webp 225w, https:\/\/lestreecoteurs.fr\/wp-content\/uploads\/2025\/02\/zdzd-9x12.webp 9w, https:\/\/lestreecoteurs.fr\/wp-content\/uploads\/2025\/02\/zdzd.webp 608w\" sizes=\"auto, (max-width: 225px) 100vw, 225px\" \/><\/figure>\n\n\n\n<h3 class=\"wp-block-heading has-text-align-center\"><strong>Pour les particuliers<\/strong><\/h3>\n\n\n\n<p class=\"has-text-align-center\">Offrez-vous un TreeNet sur mesure, suspendu dans les arbres ou en int\u00e9rieur ! Id\u00e9al pour une chambre d\u2019enfant, une extension de terrasse, un balcon suspendu ou un espace d\u00e9tente unique, nos filets transforment votre lieu en un cocon ludique et esth\u00e9tique.<\/p>\n<\/div>\n\n\n\n<div class=\"wp-block-column is-layout-flow wp-block-column-is-layout-flow\">\n<figure class=\"wp-block-image size-medium is-style-rounded\"><img loading=\"lazy\" decoding=\"async\" width=\"225\" height=\"300\" src=\"https:\/\/lestreecoteurs.fr\/wp-content\/uploads\/2025\/02\/cabane-225x300.webp\" alt=\"\" class=\"wp-image-521\" style=\"aspect-ratio:2\/3;object-fit:cover\" srcset=\"https:\/\/lestreecoteurs.fr\/wp-content\/uploads\/2025\/02\/cabane-225x300.webp 225w, https:\/\/lestreecoteurs.fr\/wp-content\/uploads\/2025\/02\/cabane-9x12.webp 9w, https:\/\/lestreecoteurs.fr\/wp-content\/uploads\/2025\/02\/cabane.webp 608w\" sizes=\"auto, (max-width: 225px) 100vw, 225px\" \/><\/figure>\n\n\n\n<h3 class=\"wp-block-heading has-text-align-center\"><strong>Pour les professionnels<\/strong><\/h3>\n\n\n\n<p>Apportez une exp\u00e9rience in\u00e9dite \u00e0 votre salle d\u2019escalade, parc accrobranche, h\u00f4tel, Airbnb ou encore bar avec terrasse gr\u00e2ce \u00e0 un TreeNet robuste et personnalis\u00e9. Nous proposons aussi des structures \u00e9v\u00e9nementielles montables et d\u00e9montables, parfaites pour des festivals, expositions ou animations temporaires.<\/p>\n<\/div>\n<\/div>\n\n\n\n<div class=\"wp-block-buttons is-content-justification-center is-layout-flex wp-container-core-buttons-is-layout-16018d1d wp-block-buttons-is-layout-flex\">\n<div class=\"wp-block-button\"><a class=\"wp-block-button__link has-text-align-center wp-element-button\" href=\"https:\/\/lestreecoteurs.fr\/en\/contacter-les-treecoteurs\/\">Contact &amp; Devis<\/a><\/div>\n<\/div>\n<\/div><\/div>\n<\/div><\/div>\n\n\n\n<div id=\"image-html\" class=\"wp-block-group separation-image\"><div class=\"wp-block-group__inner-container is-layout-constrained wp-block-group-is-layout-constrained\">\n<figure class=\"wp-block-image size-large wp-duotone-unset-1\"><img loading=\"lazy\" decoding=\"async\" width=\"1024\" height=\"683\" src=\"https:\/\/lestreecoteurs.fr\/wp-content\/uploads\/2025\/02\/Footer-1-1024x683.webp\" alt=\"\" class=\"wp-image-419\" srcset=\"https:\/\/lestreecoteurs.fr\/wp-content\/uploads\/2025\/02\/Footer-1-1024x683.webp 1024w, https:\/\/lestreecoteurs.fr\/wp-content\/uploads\/2025\/02\/Footer-1-300x200.webp 300w, https:\/\/lestreecoteurs.fr\/wp-content\/uploads\/2025\/02\/Footer-1-768x512.webp 768w, https:\/\/lestreecoteurs.fr\/wp-content\/uploads\/2025\/02\/Footer-1-1536x1024.webp 1536w, https:\/\/lestreecoteurs.fr\/wp-content\/uploads\/2025\/02\/Footer-1-2048x1365.webp 2048w, https:\/\/lestreecoteurs.fr\/wp-content\/uploads\/2025\/02\/Footer-1-18x12.webp 18w, https:\/\/lestreecoteurs.fr\/wp-content\/uploads\/2025\/02\/Footer-1-1568x1045.webp 1568w\" sizes=\"auto, (max-width: 1024px) 100vw, 1024px\" \/><\/figure>\n\n\n\n<div id=\"container-text-img\" class=\"wp-block-group\"><div class=\"wp-block-group__inner-container is-layout-constrained wp-block-group-is-layout-constrained\">\n<h2 class=\"wp-block-heading\">Pour plus de visuels, suivez-nous sur <a href=\"https:\/\/www.youtube.com\/@LesTreecoteurs\" data-type=\"link\" data-id=\"https:\/\/www.youtube.com\/@LesTreecoteurs\" target=\"_blank\" rel=\"noreferrer noopener\">YouTube<\/a>, <a href=\"https:\/\/www.instagram.com\/lestreecoteurs\/\" data-type=\"link\" data-id=\"https:\/\/www.instagram.com\/lestreecoteurs\/\" target=\"_blank\" rel=\"noreferrer noopener\">Instagram<\/a> et <a href=\"https:\/\/www.facebook.com\/profile.php?id=61571658235548&amp;locale=fr_FR\" data-type=\"link\" data-id=\"https:\/\/www.facebook.com\/profile.php?id=61571658235548&amp;locale=fr_FR\" target=\"_blank\" rel=\"noreferrer noopener\">Facebook<\/a> !<\/h2>\n\n\n\n<p class=\"has-text-align-center\"><\/p>\n\n\n\n<div class=\"wp-block-buttons m-auto is-layout-flex wp-block-buttons-is-layout-flex\"><\/div>\n<\/div><\/div>\n<\/div><\/div>\n\n\n\n<p><\/p>","protected":false},"excerpt":{"rendered":"<p>Cr\u00e9ateurs de TreeNets : des filets suspendus sur mesure, v\u00e9ritables \u0153uvres d\u2019art m\u00ealant design architectural et immersion en nature, pour l\u2019int\u00e9rieur comme l\u2019ext\u00e9rieur. Le TreeNet, est une structure tiss\u00e9e \u00e0 la main, con\u00e7ue pour \u00eatre \u00e0 la fois durable, unique et adaptable. Il peut \u00eatre install\u00e9 pr\u00e8s du sol, offrant un espace pour se d\u00e9tendre,&hellip; <a class=\"more-link\" href=\"https:\/\/lestreecoteurs.fr\/en\/\">Continue reading <span class=\"screen-reader-text\">Home<\/span><\/a><\/p>","protected":false},"author":1,"featured_media":0,"parent":0,"menu_order":0,"comment_status":"closed","ping_status":"open","template":"","meta":{"_acf_changed":false,"footnotes":""},"class_list":["post-2","page","type-page","status-publish","hentry","entry"],"acf":[],"_links":{"self":[{"href":"https:\/\/lestreecoteurs.fr\/en\/wp-json\/wp\/v2\/pages\/2","targetHints":{"allow":["GET"]}}],"collection":[{"href":"https:\/\/lestreecoteurs.fr\/en\/wp-json\/wp\/v2\/pages"}],"about":[{"href":"https:\/\/lestreecoteurs.fr\/en\/wp-json\/wp\/v2\/types\/page"}],"author":[{"embeddable":true,"href":"https:\/\/lestreecoteurs.fr\/en\/wp-json\/wp\/v2\/users\/1"}],"replies":[{"embeddable":true,"href":"https:\/\/lestreecoteurs.fr\/en\/wp-json\/wp\/v2\/comments?post=2"}],"version-history":[{"count":176,"href":"https:\/\/lestreecoteurs.fr\/en\/wp-json\/wp\/v2\/pages\/2\/revisions"}],"predecessor-version":[{"id":798,"href":"https:\/\/lestreecoteurs.fr\/en\/wp-json\/wp\/v2\/pages\/2\/revisions\/798"}],"wp:attachment":[{"href":"https:\/\/lestreecoteurs.fr\/en\/wp-json\/wp\/v2\/media?parent=2"}],"curies":[{"name":"wp","href":"https:\/\/api.w.org\/{rel}","templated":true}]}}