{"id":157,"date":"2025-02-09T14:43:55","date_gmt":"2025-02-09T13:43:55","guid":{"rendered":"http:\/\/les-treecoteurs.test\/?page_id=157"},"modified":"2025-03-03T11:28:15","modified_gmt":"2025-03-03T10:28:15","slug":"mentions-legales","status":"publish","type":"page","link":"https:\/\/lestreecoteurs.fr\/en\/mentions-legales\/","title":{"rendered":"Mentions l\u00e9gales"},"content":{"rendered":"<div class=\"wp-block-group\"><div class=\"wp-block-group__inner-container is-layout-constrained wp-block-group-is-layout-constrained\">\n<h3 class=\"wp-block-heading\"><strong>Informations L\u00e9gales<\/strong><\/h3>\n\n\n\n<p><strong>Propri\u00e9taire du site :<\/strong><br>Nom : <strong>Clavel<\/strong><br>Pr\u00e9nom : <strong>Mathieu<\/strong><br>Statut : <strong>Auto-entrepreneur<\/strong><br>SIRET : <strong>893011130<\/strong><br>Si\u00e8ge social : <strong>Toulouse<\/strong><\/p>\n\n\n\n<h3 class=\"wp-block-heading\"><strong>H\u00e9bergement du site<\/strong><\/h3>\n\n\n\n<p>L&rsquo;h\u00e9bergement du site <strong>lestreecoteurs.fr<\/strong> est assur\u00e9 par : <strong>Alwaysdata<\/strong> Adresse : 91 Rue du Faubourg Saint-Honor\u00e9, 75008 Paris.<br><br>Le site a \u00e9t\u00e9 con\u00e7u par : <a href=\"https:\/\/studio-web.kmpzr.com\/\">kmpzr studio web<\/a> (Agence Web Tarn)<\/p>\n\n\n\n<h3 class=\"wp-block-heading\"><strong>Responsabilit\u00e9<\/strong><\/h3>\n\n\n\n<p>Le propri\u00e9taire du site s&rsquo;efforce de fournir sur le site <strong>lestreecoteurs.fr<\/strong> des informations aussi pr\u00e9cises que possible. Toutefois, il ne saurait \u00eatre tenu responsable des omissions, des inexactitudes et des carences dans la mise \u00e0 jour, qu&rsquo;elles soient de son fait ou du fait des tiers partenaires qui lui fournissent ces informations.<\/p>\n\n\n\n<h3 class=\"wp-block-heading\"><strong>Propri\u00e9t\u00e9 intellectuelle<\/strong><\/h3>\n\n\n\n<p>Tous les contenus pr\u00e9sents sur le site <strong>lestreecoteurs.fr<\/strong> (textes, images, graphismes, logo, ic\u00f4nes, etc.) sont la propri\u00e9t\u00e9 exclusive de <strong>Clavel Mathieu<\/strong>, sauf mentions contraires. Toute reproduction, distribution, modification, adaptation, retransmission ou publication de ces \u00e9l\u00e9ments, m\u00eame partielle, est strictement interdite sans l&rsquo;accord expr\u00e8s de leur propri\u00e9taire.<\/p>\n\n\n\n<h3 class=\"wp-block-heading\"><strong>Donn\u00e9es personnelles<\/strong><\/h3>\n\n\n\n<p>Le site <strong>lestreecoteurs.fr<\/strong> peut collecter des donn\u00e9es personnelles dans le cadre de son activit\u00e9. Conform\u00e9ment au R\u00e8glement G\u00e9n\u00e9ral sur la Protection des Donn\u00e9es (RGPD), vous disposez d&rsquo;un droit d&rsquo;acc\u00e8s, de rectification et de suppression de vos donn\u00e9es personnelles en envoyant une demande \u00e0 <strong>mathieuclavelbleuler@gmail.com<\/strong><\/p>\n\n\n\n<h3 class=\"wp-block-heading\"><strong>Contact<\/strong><\/h3>\n\n\n\n<p>Pour toute question ou demande d&rsquo;information concernant le site, vous pouvez contacter le propri\u00e9taire \u00e0 l&rsquo;adresse suivante : E-mail : <strong>mathieuclavelbleuler@gmail.com<\/strong><\/p>\n\n\n\n<p>Ces mentions l\u00e9gales sont susceptibles d&rsquo;\u00eatre modifi\u00e9es \u00e0 tout moment, nous vous invitons \u00e0 les consulter r\u00e9guli\u00e8rement.<\/p>\n<\/div><\/div>","protected":false},"excerpt":{"rendered":"<p>Informations L\u00e9gales Propri\u00e9taire du site :Nom : ClavelPr\u00e9nom : MathieuStatut : Auto-entrepreneurSIRET : 893011130Si\u00e8ge social : Toulouse H\u00e9bergement du site L&rsquo;h\u00e9bergement du site lestreecoteurs.fr est assur\u00e9 par : Alwaysdata Adresse : 91 Rue du Faubourg Saint-Honor\u00e9, 75008 Paris. Le site a \u00e9t\u00e9 con\u00e7u par : kmpzr studio web (Agence Web Tarn) Responsabilit\u00e9 Le propri\u00e9taire du&hellip; <a class=\"more-link\" href=\"https:\/\/lestreecoteurs.fr\/en\/mentions-legales\/\">Continue reading <span class=\"screen-reader-text\">Mentions l\u00e9gales<\/span><\/a><\/p>","protected":false},"author":1,"featured_media":641,"parent":0,"menu_order":0,"comment_status":"closed","ping_status":"closed","template":"","meta":{"_acf_changed":false,"footnotes":""},"class_list":["post-157","page","type-page","status-publish","has-post-thumbnail","hentry","entry"],"acf":[],"_links":{"self":[{"href":"https:\/\/lestreecoteurs.fr\/en\/wp-json\/wp\/v2\/pages\/157","targetHints":{"allow":["GET"]}}],"collection":[{"href":"https:\/\/lestreecoteurs.fr\/en\/wp-json\/wp\/v2\/pages"}],"about":[{"href":"https:\/\/lestreecoteurs.fr\/en\/wp-json\/wp\/v2\/types\/page"}],"author":[{"embeddable":true,"href":"https:\/\/lestreecoteurs.fr\/en\/wp-json\/wp\/v2\/users\/1"}],"replies":[{"embeddable":true,"href":"https:\/\/lestreecoteurs.fr\/en\/wp-json\/wp\/v2\/comments?post=157"}],"version-history":[{"count":12,"href":"https:\/\/lestreecoteurs.fr\/en\/wp-json\/wp\/v2\/pages\/157\/revisions"}],"predecessor-version":[{"id":647,"href":"https:\/\/lestreecoteurs.fr\/en\/wp-json\/wp\/v2\/pages\/157\/revisions\/647"}],"wp:featuredmedia":[{"embeddable":true,"href":"https:\/\/lestreecoteurs.fr\/en\/wp-json\/wp\/v2\/media\/641"}],"wp:attachment":[{"href":"https:\/\/lestreecoteurs.fr\/en\/wp-json\/wp\/v2\/media?parent=157"}],"curies":[{"name":"wp","href":"https:\/\/api.w.org\/{rel}","templated":true}]}}